{"id":6459,"date":"2024-06-09T00:25:30","date_gmt":"2024-06-09T00:25:30","guid":{"rendered":"https:\/\/jash.co.ke\/?post_type=product&#038;p=6459"},"modified":"2024-06-09T00:28:40","modified_gmt":"2024-06-09T00:28:40","slug":"6-digit-led-energy-meter","status":"publish","type":"product","link":"https:\/\/jash.co.ke\/index.php\/product\/6-digit-led-energy-meter\/","title":{"rendered":"6 DIGIT LED ENERGY METER"},"content":{"rendered":"<div class=\"holder mt-0\">\n<div class=\"holder mt-2\">\n<div class=\"container\">\n<div class=\"specificationMain\">\n<div class=\"\">\n<h2 class=\"subHeading\">BRIEF\u00a0<strong>SPECIFICATIONS<\/strong><\/h2>\n<p>&nbsp;<\/p>\n<div class=\"table-responsive\">\n<table class=\"table table-bordered table-striped\">\n<tbody>\n<tr class=\"odd\">\n<td class=\"a-left\">Display Type<\/td>\n<td class=\"a-left\">7 Segment LED Display<\/td>\n<\/tr>\n<tr class=\"even\">\n<td class=\"a-left\">Display Configuration<\/td>\n<td class=\"a-left\">6 Digits<\/td>\n<\/tr>\n<tr class=\"odd\">\n<td class=\"a-left\">Electrical Connection<\/td>\n<td class=\"a-left\">3\u00d8 &#8211; 3W, 3\u00d8 &#8211; 4W, 2\u00d8 &#8211; 3W, 1\u00d8 &#8211; 2W<\/td>\n<\/tr>\n<tr class=\"even\">\n<td class=\"a-left\">Type of Output<\/td>\n<td class=\"a-left\">Pulse Output<\/td>\n<\/tr>\n<tr class=\"odd\">\n<td class=\"a-left\">Features<\/td>\n<td class=\"a-left\">Active Energy monitoring (EM306)<br \/>\nActive Energy monitoring with other multifunction parameters like Power, PF (EM306-C-D)<\/td>\n<\/tr>\n<tr class=\"even\">\n<td class=\"a-left\">Power Consumption<\/td>\n<td class=\"a-left\">8VA Max<\/td>\n<\/tr>\n<tr class=\"odd\">\n<td class=\"a-left\">Communication Protocol<\/td>\n<td class=\"a-left\">RS485 and MODBUS RTU (EM306-C-D)<\/td>\n<\/tr>\n<tr class=\"even\">\n<td class=\"a-left\">CT Primary<\/td>\n<td class=\"a-left\">1\/5A to 10kA (Programmable for Any Value)<\/td>\n<\/tr>\n<tr class=\"odd\">\n<td class=\"a-left\">CT Secondary<\/td>\n<td class=\"a-left\">1 \/ 5A (Programmable)<\/td>\n<\/tr>\n<tr class=\"even\">\n<td class=\"a-left\">PT Primary<\/td>\n<td class=\"a-left\">100V to 500kV<\/td>\n<\/tr>\n<tr class=\"odd\">\n<td class=\"a-left\">PT Secondary<\/td>\n<td class=\"a-left\">100V to 500V AC<\/td>\n<\/tr>\n<tr class=\"even\">\n<td class=\"a-left\">Supply Voltage\/D.G Sensing<\/td>\n<td class=\"a-left\">85 to 270V AC (45\/65Hz)<\/td>\n<\/tr>\n<tr class=\"odd\">\n<td class=\"a-left\">Size<\/td>\n<td class=\"a-left\">96 x 96mm<\/td>\n<\/tr>\n<tr class=\"even\">\n<td class=\"a-left\">Mounting Type<\/td>\n<td class=\"a-left\">Panel Mount<\/td>\n<\/tr>\n<\/tbody>\n<\/table>\n<\/div>\n<\/div>\n<\/div>\n<\/div>\n<\/div>\n<\/div>\n<div id=\"variants_list\">\n<div class=\"holder mt-2\">\n<div class=\"container downloadSection\">\n<div class=\"row\">\n<div class=\"col-md-12\">\n<h2 class=\"norm-text subHeading\">PRODUCT\u00a0<strong>VARIANTS<\/strong><\/h2>\n<p>&nbsp;<\/p>\n<div class=\"tabs tab-pro-details\" role=\"tabpanel\">\n<div class=\"table-responsive\">\n<div class=\"lgks-widget\">\n<table class=\"table table-bordered table-striped\">\n<tbody>\n<tr>\n<th colspan=\"1\" rowspan=\"2\">Product Code<\/th>\n<th colspan=\"1\" rowspan=\"2\">Supply Voltage<\/th>\n<th colspan=\"1\" rowspan=\"2\">Input<\/th>\n<th class=\"text-center\" colspan=\"2\">Output<\/th>\n<th colspan=\"1\" rowspan=\"2\">Certification<\/th>\n<\/tr>\n<tr>\n<th>Pulse Output<\/th>\n<th>Communication (RS485)<\/th>\n<\/tr>\n<tr>\n<td class=\"0\">EM306<\/td>\n<td class=\"1\">85 to 270V AC (45\/65Hz)<\/td>\n<td class=\"2\">&#8212;<\/td>\n<td class=\"3\">Yes<\/td>\n<td class=\"4\">&#8212;<\/td>\n<td class=\"5\">&#8212;<\/td>\n<\/tr>\n<tr>\n<td class=\"0\">EM306-C-D<\/td>\n<td class=\"1\">85 to 270V AC (45\/65Hz)<\/td>\n<td class=\"2\">D.G, 80 to 270V AC (45\/65Hz)<\/td>\n<td class=\"3\">&#8212;<\/td>\n<td class=\"4\">Yes<\/td>\n<td class=\"5\">&#8212;<\/td>\n<\/tr>\n<\/tbody>\n<\/table>\n<\/div>\n<\/div>\n<\/div>\n<\/div>\n<\/div>\n<\/div>\n<\/div>\n<\/div>\n","protected":false},"excerpt":{"rendered":"<p>3 phase Digital LED Energy meter, 96x96mm Size, Active Energy meter<\/p>\n<div class=\"prd-block_title-wrap\">\n<div class=\"product-sku\">Product:\u00a0<span class=\"\">EM306<\/span><\/div>\n<\/div>\n<div class=\"prd-block_info-top\"><\/div>\n<div class=\"prd-block_description topline\">\n<ul>\n<li>Compatible with 1 phase 2 wires, 3 phase 3 wires, 3 phase 4 wires systems.<\/li>\n<li>11 to 300V (L-N), 19 to 519V (L-L) measurement.<\/li>\n<li>Accuracy of Class 1 for energy<\/li>\n<li>LED Display with 1 row of 6 digits<\/li>\n<li>Dual source input, RS485 and MODBUS RTU (EM306-C-D)<\/li>\n<li>LED for Pulse Indication<\/li>\n<\/ul>\n<p><a class=\"button\" href=\"https:\/\/selec.com\/viewdocument\/3b712de48137572f3849aabd5666a4e3\" target=\"_blank\" rel=\"noopener\"> Data Sheet<\/a><\/p>\n<\/div>\n","protected":false},"featured_media":6460,"comment_status":"closed","ping_status":"closed","template":"","meta":{"_ti_tpc_template_sync":false,"_ti_tpc_template_id":""},"product_cat":[192],"product_tag":[],"class_list":{"0":"post-6459","1":"product","2":"type-product","3":"status-publish","4":"has-post-thumbnail","6":"product_cat-ct-operated-energy-meters","8":"first","9":"instock","10":"shipping-taxable","11":"product-type-simple"},"_links":{"self":[{"href":"https:\/\/jash.co.ke\/index.php\/wp-json\/wp\/v2\/product\/6459","targetHints":{"allow":["GET"]}}],"collection":[{"href":"https:\/\/jash.co.ke\/index.php\/wp-json\/wp\/v2\/product"}],"about":[{"href":"https:\/\/jash.co.ke\/index.php\/wp-json\/wp\/v2\/types\/product"}],"replies":[{"embeddable":true,"href":"https:\/\/jash.co.ke\/index.php\/wp-json\/wp\/v2\/comments?post=6459"}],"wp:featuredmedia":[{"embeddable":true,"href":"https:\/\/jash.co.ke\/index.php\/wp-json\/wp\/v2\/media\/6460"}],"wp:attachment":[{"href":"https:\/\/jash.co.ke\/index.php\/wp-json\/wp\/v2\/media?parent=6459"}],"wp:term":[{"taxonomy":"product_cat","embeddable":true,"href":"https:\/\/jash.co.ke\/index.php\/wp-json\/wp\/v2\/product_cat?post=6459"},{"taxonomy":"product_tag","embeddable":true,"href":"https:\/\/jash.co.ke\/index.php\/wp-json\/wp\/v2\/product_tag?post=6459"}],"curies":[{"name":"wp","href":"https:\/\/api.w.org\/{rel}","templated":true}]}}