{"id":6537,"date":"2024-06-14T01:50:26","date_gmt":"2024-06-14T01:50:26","guid":{"rendered":"https:\/\/jash.co.ke\/?post_type=product&#038;p=6537"},"modified":"2024-06-14T01:50:26","modified_gmt":"2024-06-14T01:50:26","slug":"digital-ammeter-with-wide-aux-supply","status":"publish","type":"product","link":"https:\/\/jash.co.ke\/index.php\/product\/digital-ammeter-with-wide-aux-supply\/","title":{"rendered":"DIGITAL AMMETER WITH WIDE AUX SUPPLY"},"content":{"rendered":"<div class=\"holder mt-0\">\n<div class=\"holder mt-2\">\n<div class=\"container\">\n<div class=\"specificationMain\">\n<div class=\"\">\n<h2 class=\"subHeading\">BRIEF\u00a0<strong>SPECIFICATIONS<\/strong><\/h2>\n<div class=\"table-responsive\">\n<table class=\"table table-bordered table-striped\">\n<tbody>\n<tr class=\"odd\">\n<td class=\"a-left\">Display<\/td>\n<td class=\"a-left\">7 segment LED Display<\/td>\n<\/tr>\n<tr class=\"even\">\n<td class=\"a-left\">Digits<\/td>\n<td class=\"a-left\">4<\/td>\n<\/tr>\n<tr class=\"odd\">\n<td class=\"a-left\">Electrical Connection<\/td>\n<td class=\"a-left\">3\u00d8 &#8211; 4 Wire, 3\u00d8 &#8211; 3 Wire, 1\u00d8 &#8211; 2 Wire (MA32-1-G-40\/300V-CE for single phase only)<\/td>\n<\/tr>\n<tr class=\"even\">\n<td class=\"a-left\">Rated input voltage<\/td>\n<td class=\"a-left\">50mA \u2013 5A AC<\/td>\n<\/tr>\n<tr class=\"odd\">\n<td class=\"a-left\">Accuracy<\/td>\n<td class=\"a-left\">\u00b10.5% of Full scale<\/td>\n<\/tr>\n<tr class=\"even\">\n<td class=\"a-left\">Auxiliary Supply<\/td>\n<td class=\"a-left\">40V to 300V AC \/ DC<\/td>\n<\/tr>\n<tr class=\"odd\">\n<td class=\"a-left\">PT Primary Setting<\/td>\n<td class=\"a-left\">1-999kV (Programmable for any value)<\/td>\n<\/tr>\n<tr class=\"even\">\n<td class=\"a-left\">PT Secondary Setting<\/td>\n<td class=\"a-left\">1 \/ 5A (Programmable)<\/td>\n<\/tr>\n<tr class=\"odd\">\n<td class=\"a-left\">Operating Temperature<\/td>\n<td class=\"a-left\">-10\u00b0C to +55\u00b0C (14\u00b0F to 131\u00b0F)<\/td>\n<\/tr>\n<tr class=\"even\">\n<td class=\"a-left\">Storage Temperature<\/td>\n<td class=\"a-left\">-20\u00b0C to +75\u00b0C (-4\u00b0F to 167\u00b0F)<\/td>\n<\/tr>\n<tr class=\"odd\">\n<td class=\"a-left\">Mounting<\/td>\n<td class=\"a-left\">Panel mount<\/td>\n<\/tr>\n<tr class=\"even\">\n<td class=\"a-left\">Bezel size<\/td>\n<td class=\"a-left\">96 mm x 96 mm<\/td>\n<\/tr>\n<tr class=\"odd\">\n<td class=\"a-left\">Weight<\/td>\n<td class=\"a-left\">165 gms<\/td>\n<\/tr>\n<\/tbody>\n<\/table>\n<p>&nbsp;<\/p>\n<\/div>\n<\/div>\n<\/div>\n<\/div>\n<\/div>\n<\/div>\n<div id=\"variants_list\">\n<div class=\"holder mt-2\">\n<div class=\"container downloadSection\">\n<div class=\"row\">\n<div class=\"col-md-12\">\n<h2 class=\"norm-text subHeading\">PRODUCT\u00a0<strong>VARIANTS<\/strong><\/h2>\n<div class=\"tabs tab-pro-details\" role=\"tabpanel\">\n<div class=\"table-responsive\">\n<div class=\"lgks-widget\">\n<table class=\"table table-bordered table-striped\">\n<tbody>\n<tr>\n<th>Product Code<\/th>\n<th>Supply Voltage<\/th>\n<th>Certification<\/th>\n<\/tr>\n<tr>\n<td class=\"0\">MA32-3-G-40\/300V-CE<\/td>\n<td class=\"1\">40-300V AC\/DC<\/td>\n<td class=\"2\">CE<\/td>\n<\/tr>\n<tr>\n<td class=\"0\">MA32-1-G-40\/300V-CE<\/td>\n<td class=\"1\">40-300V AC\/DC<\/td>\n<td class=\"2\">CE<\/td>\n<\/tr>\n<\/tbody>\n<\/table>\n<\/div>\n<\/div>\n<\/div>\n<\/div>\n<\/div>\n<\/div>\n<\/div>\n<\/div>\n","protected":false},"excerpt":{"rendered":"<p>True RMS Three Phase &amp; Three Phase Digital Ammeter With programmable CT primary &amp; secondary, 96x96mm, Aux supply 40 to 300V AC \/ DC<\/p>\n<div class=\"prd-block_title-wrap\">\n<div class=\"product-sku\"><strong>Product<\/strong>:\u00a0<span class=\"\">MA32<\/span><\/div>\n<\/div>\n<div class=\"prd-block_description topline\">\n<ul>\n<li>1 phase &amp; 3 phase measurement for current<\/li>\n<li>50mA to 5A measurement, 999.0kA measurement using suitable current transformer<\/li>\n<li>Accuracy of \u00b1 0.5% of F.S.<\/li>\n<li>4 Digit 7 segment LED display<\/li>\n<li>Panel mount.<\/li>\n<li>Supply voltage of 40 to 300 V AC\/DC<\/li>\n<\/ul>\n<p><a class=\"button\" href=\"https:\/\/www.selec.com\/viewdocument\/231141b34c82aa95e48810a9d1b33a79\" target=\"_blank\" rel=\"noopener\"> Data Sheet<\/a><\/p>\n<\/div>\n","protected":false},"featured_media":6538,"comment_status":"closed","ping_status":"closed","template":"","meta":{"_ti_tpc_template_sync":false,"_ti_tpc_template_id":""},"product_cat":[202],"product_tag":[],"class_list":{"0":"post-6537","1":"product","2":"type-product","3":"status-publish","4":"has-post-thumbnail","6":"product_cat-digital-ammeters","8":"first","9":"instock","10":"shipping-taxable","11":"product-type-simple"},"_links":{"self":[{"href":"https:\/\/jash.co.ke\/index.php\/wp-json\/wp\/v2\/product\/6537","targetHints":{"allow":["GET"]}}],"collection":[{"href":"https:\/\/jash.co.ke\/index.php\/wp-json\/wp\/v2\/product"}],"about":[{"href":"https:\/\/jash.co.ke\/index.php\/wp-json\/wp\/v2\/types\/product"}],"replies":[{"embeddable":true,"href":"https:\/\/jash.co.ke\/index.php\/wp-json\/wp\/v2\/comments?post=6537"}],"wp:featuredmedia":[{"embeddable":true,"href":"https:\/\/jash.co.ke\/index.php\/wp-json\/wp\/v2\/media\/6538"}],"wp:attachment":[{"href":"https:\/\/jash.co.ke\/index.php\/wp-json\/wp\/v2\/media?parent=6537"}],"wp:term":[{"taxonomy":"product_cat","embeddable":true,"href":"https:\/\/jash.co.ke\/index.php\/wp-json\/wp\/v2\/product_cat?post=6537"},{"taxonomy":"product_tag","embeddable":true,"href":"https:\/\/jash.co.ke\/index.php\/wp-json\/wp\/v2\/product_tag?post=6537"}],"curies":[{"name":"wp","href":"https:\/\/api.w.org\/{rel}","templated":true}]}}