{"id":6596,"date":"2024-06-15T18:06:20","date_gmt":"2024-06-15T18:06:20","guid":{"rendered":"https:\/\/jash.co.ke\/?post_type=product&#038;p=6596"},"modified":"2024-06-15T18:06:20","modified_gmt":"2024-06-15T18:06:20","slug":"digital-3-phase-current-protection-relay-with-backlight","status":"publish","type":"product","link":"https:\/\/jash.co.ke\/index.php\/product\/digital-3-phase-current-protection-relay-with-backlight\/","title":{"rendered":"DIGITAL 3 PHASE CURRENT PROTECTION RELAY WITH BACKLIGHT"},"content":{"rendered":"<div class=\"holder mt-0\">\n<div class=\"holder mt-2\">\n<div class=\"container\">\n<div class=\"specificationMain\">\n<div class=\"\">\n<h2 class=\"subHeading\">BRIEF SPECIFICATIONS<\/h2>\n<div class=\"table-responsive\">\n<table class=\"table table-bordered table-striped&gt;&lt;tbody&gt;&lt;tr class=\">\n<tbody>\n<tr>\n<td class=\"a-left\">Measuring Parameter<\/td>\n<td class=\"a-left\">Under Current, Over Current, Current Asymmetry Monitoring<\/td>\n<\/tr>\n<tr class=\"even\">\n<td class=\"a-left\">Electrical Connection<\/td>\n<td class=\"a-left\">1\u00d8-2W, 3\u00d8-3W, 3\u00d8-4W<\/td>\n<\/tr>\n<tr class=\"odd\">\n<td class=\"a-left\">Display<\/td>\n<td class=\"a-left\">3 Digits Liquid Crystal Display with Backlight<\/td>\n<\/tr>\n<tr class=\"even\">\n<td class=\"a-left\">CT Setting<\/td>\n<td class=\"a-left\">CT Primary: 1A \/ 5A \u2013 999A,<br \/>\nCT Secondary: 1A \/ 5A (selectable)<\/td>\n<\/tr>\n<tr class=\"odd\">\n<td class=\"a-left\">\n<p>Time Ranges<\/td>\n<td class=\"a-left\">Power ON Delay: 0.5\u201399.9sec,<br \/>\nTrip time delay: 0\u201399.9sec,<br \/>\nRecovery Time Delay: 0\u201399.9sec (In Auto Reset Mode),<br \/>\nResponse Time: &lt;200ms<\/td>\n<\/tr>\n<tr class=\"even\">\n<td class=\"a-left\">Accuracy<\/td>\n<td class=\"a-left\">Current: \u00b11% of Setting \u00b1 2 digits,<br \/>\nTime Setting Accuracy: \u00b15% of Setting \u00b1200ms<\/td>\n<\/tr>\n<tr class=\"odd\">\n<td class=\"a-left\">Output Contact<\/td>\n<td class=\"a-left\">1 C \/ O (SPDT)<\/td>\n<\/tr>\n<tr class=\"even\">\n<td class=\"a-left\">Output Rating<\/td>\n<td class=\"a-left\">NO: 5A@250V AC, NC: 3A@250V AC<\/td>\n<\/tr>\n<tr class=\"odd\">\n<td class=\"a-left\">Supply Voltage<\/td>\n<td class=\"a-left\">230V AC (\u00b115%)<\/td>\n<\/tr>\n<tr class=\"even\">\n<td class=\"a-left\">Size<\/td>\n<td class=\"a-left\">35 mm<\/td>\n<\/tr>\n<tr class=\"odd\">\n<td class=\"a-left\">Mounting Type<\/td>\n<td class=\"a-left\">DIN Rail Mount<\/td>\n<\/tr>\n<tr class=\"even\">\n<td class=\"a-left\">Certification<\/td>\n<td class=\"a-left\">CE<\/td>\n<\/tr>\n<\/tbody>\n<\/table>\n<\/div>\n<\/div>\n<\/div>\n<\/div>\n<\/div>\n<\/div>\n<div id=\"variants_list\">\n<div class=\"holder mt-2\">\n<div class=\"container downloadSection\">\n<div class=\"row\">\n<div class=\"col-md-12\">\n<h2 class=\"norm-text subHeading\">PRODUCT VARIANTS<\/h2>\n<div class=\"tabs tab-pro-details\" role=\"tabpanel\">\n<div class=\"table-responsive\">\n<div class=\"lgks-widget\">\n<table class=\"table table-bordered table-striped\">\n<tbody>\n<tr>\n<th>Product Code<\/th>\n<th>Supply Voltage<\/th>\n<th>Certification<\/th>\n<\/tr>\n<tr>\n<td class=\"0\">900CPR-3-1-BL-230V-CE<\/td>\n<td class=\"1\">230V AC<\/td>\n<td class=\"2\">CE, RoHS<\/td>\n<\/tr>\n<tr>\n<td class=\"0\">900CPR-3-1-110V-CE<\/td>\n<td class=\"1\">110V AC<\/td>\n<td class=\"2\">CE, RoHS<\/td>\n<\/tr>\n<\/tbody>\n<\/table>\n<\/div>\n<\/div>\n<\/div>\n<\/div>\n<\/div>\n<\/div>\n<\/div>\n<\/div>\n","protected":false},"excerpt":{"rendered":"<div class=\"prd-block_title-wrap\">\n<div><\/div>\n<div class=\"product-sku\"><strong>Product:<\/strong> <span class=\"\">900CPR-3-1-BL<\/span><\/div>\n<div><\/div>\n<\/div>\n<div class=\"prd-block_description topline\">\n<ul>\n<li>Three phase RMS current protection from Over\/Under current.<\/li>\n<li>Accuracy : \u00b1 1% of current.<\/li>\n<li>Measuring range of : 0.1A to 999A depending on CT selection.<\/li>\n<li>Voltage supply : 230V AC (\u00b115%)<\/li>\n<li>Certifications: CE &amp; RoHS<\/li>\n<\/ul>\n<p><a class=\"button\" href=\"https:\/\/www.selec.com\/viewdocument\/c1fea270c48e8079d8ddf7d06d26ab52\" target=\"_blank\" rel=\"noopener\"> Data Sheet<\/a><\/p>\n<\/div>\n","protected":false},"featured_media":6597,"comment_status":"closed","ping_status":"closed","template":"","meta":{"_ti_tpc_template_sync":false,"_ti_tpc_template_id":""},"product_cat":[211],"product_tag":[],"class_list":{"0":"post-6596","1":"product","2":"type-product","3":"status-publish","4":"has-post-thumbnail","6":"product_cat-digital-current-protection-relay","8":"first","9":"instock","10":"shipping-taxable","11":"product-type-simple"},"_links":{"self":[{"href":"https:\/\/jash.co.ke\/index.php\/wp-json\/wp\/v2\/product\/6596","targetHints":{"allow":["GET"]}}],"collection":[{"href":"https:\/\/jash.co.ke\/index.php\/wp-json\/wp\/v2\/product"}],"about":[{"href":"https:\/\/jash.co.ke\/index.php\/wp-json\/wp\/v2\/types\/product"}],"replies":[{"embeddable":true,"href":"https:\/\/jash.co.ke\/index.php\/wp-json\/wp\/v2\/comments?post=6596"}],"wp:featuredmedia":[{"embeddable":true,"href":"https:\/\/jash.co.ke\/index.php\/wp-json\/wp\/v2\/media\/6597"}],"wp:attachment":[{"href":"https:\/\/jash.co.ke\/index.php\/wp-json\/wp\/v2\/media?parent=6596"}],"wp:term":[{"taxonomy":"product_cat","embeddable":true,"href":"https:\/\/jash.co.ke\/index.php\/wp-json\/wp\/v2\/product_cat?post=6596"},{"taxonomy":"product_tag","embeddable":true,"href":"https:\/\/jash.co.ke\/index.php\/wp-json\/wp\/v2\/product_tag?post=6596"}],"curies":[{"name":"wp","href":"https:\/\/api.w.org\/{rel}","templated":true}]}}