{"id":6605,"date":"2024-06-15T18:42:22","date_gmt":"2024-06-15T18:42:22","guid":{"rendered":"https:\/\/jash.co.ke\/?post_type=product&#038;p=6605"},"modified":"2024-06-15T18:42:22","modified_gmt":"2024-06-15T18:42:22","slug":"analog-earth-leakage-relay-1m","status":"publish","type":"product","link":"https:\/\/jash.co.ke\/index.php\/product\/analog-earth-leakage-relay-1m\/","title":{"rendered":"ANALOG EARTH LEAKAGE RELAY, 1M"},"content":{"rendered":"<div class=\"holder mt-0\">\n<div class=\"holder mt-2\">\n<div class=\"container\">\n<div class=\"specificationMain\">\n<div class=\"\">\n<h2 class=\"subHeading\">BRIEF SPECIFICATIONS<\/h2>\n<div class=\"table-responsive\">\n<table class=\"table table-bordered table-striped&gt;&lt;tbody&gt;&lt;tr class=\">\n<tbody>\n<tr>\n<td class=\"a-left\">Measuring Parameter<\/td>\n<td class=\"a-left\">Monitors True RMS Earth Leakage Current (upto 500mA)<\/td>\n<\/tr>\n<tr class=\"even\">\n<td class=\"a-left\">Electrical Connection<\/td>\n<td class=\"a-left\">1\u00d8-2W, 3\u00d8-4W, 3\u00d8-3W<\/td>\n<\/tr>\n<tr class=\"odd\">\n<td class=\"a-left\">Supply Voltage<\/td>\n<td class=\"a-left\">230VAC \u00b1 15%<\/td>\n<\/tr>\n<tr class=\"even\">\n<td class=\"a-left\">Trip Leakage current range<\/td>\n<td class=\"a-left\">30mA &#8211; 500mA,<br \/>\n(30mA, 100mA, 300mA, 500mA)<\/td>\n<\/tr>\n<tr class=\"odd\">\n<td class=\"a-left\">Trip time delay<\/td>\n<td class=\"a-left\">0, 2, 4, 6, 8, 10 sec (NA for 30mA range)<\/td>\n<\/tr>\n<tr class=\"even\">\n<td class=\"a-left\">\n<p>Response time<\/td>\n<td class=\"a-left\">Variable time settings (0, 2, 4, 6, 8, 10 sec),<br \/>\nFor 100mA, 300mA &amp; 500mA current setting,<br \/>\n(For 1x1n) &amp; &lt;30ms for 5xIn,<br \/>\nFor 0 sec trip setting for 100mA,300mA &amp; 500mA,<br \/>\ntrip time will be less than &lt;150ms,<br \/>\nFor 30mA : &#8211; &lt;30ms (For 5xln) &amp; &lt;150ms (For 1xIn)<\/td>\n<\/tr>\n<tr class=\"odd\">\n<td class=\"a-left\">CBCT Detection<\/td>\n<td class=\"a-left\">Yes, when CBCT absent or short<\/td>\n<\/tr>\n<tr class=\"even\">\n<td class=\"a-left\">Accuracy<\/td>\n<td class=\"a-left\">Current : 5% of In,<br \/>\nTime : 5% of Set time<\/td>\n<\/tr>\n<tr class=\"odd\">\n<td class=\"a-left\">Output Contact<\/td>\n<td class=\"a-left\">1 SPDT relay<\/td>\n<\/tr>\n<tr class=\"even\">\n<td class=\"a-left\">Output Rating<\/td>\n<td class=\"a-left\">NO : 5A @ 250VAC NC: 3A @ 250VAC 5A @ 24V DC<\/td>\n<\/tr>\n<tr class=\"odd\">\n<td class=\"a-left\">Size<\/td>\n<td class=\"a-left\">17.5 X 90 mm<\/td>\n<\/tr>\n<tr class=\"even\">\n<td class=\"a-left\">Mounting Type<\/td>\n<td class=\"a-left\">DIN rail Mount<\/td>\n<\/tr>\n<\/tbody>\n<\/table>\n<\/div>\n<\/div>\n<\/div>\n<\/div>\n<\/div>\n<\/div>\n<div id=\"variants_list\">\n<div class=\"holder mt-2\">\n<div class=\"container downloadSection\">\n<div class=\"row\">\n<div class=\"col-md-12\">\n<h2 class=\"norm-text subHeading\">PRODUCT VARIANTS<\/h2>\n<div class=\"tabs tab-pro-details\" role=\"tabpanel\">\n<div class=\"table-responsive\">\n<div class=\"lgks-widget\">\n<table class=\"table table-bordered table-striped\">\n<tbody>\n<tr>\n<th>Product Code<\/th>\n<th>Supply Voltage<\/th>\n<\/tr>\n<tr>\n<td class=\"0\">600ELR-1-30\/500mA-230V<\/td>\n<td class=\"1\">230V AC<\/td>\n<\/tr>\n<\/tbody>\n<\/table>\n<\/div>\n<\/div>\n<\/div>\n<\/div>\n<\/div>\n<\/div>\n<\/div>\n<\/div>\n","protected":false},"excerpt":{"rendered":"<p><strong>Product:<\/strong> <span class=\"\">600ELR<\/span><\/p>\n<p>&nbsp;<\/p>\n<div class=\"prd-block_description topline\">\n<ul>\n<li>Measures leakage current from 30mA to 500mA in 1\u00d8 &amp; 3\u00d8 systems<\/li>\n<li>Trip Relay: 1 SPDT relay<\/li>\n<li>LED indication to show Power ON and Trip indication<\/li>\n<li>Auxiliary supply voltage of 230V AC \u00b115%<\/li>\n<li>Response time: For 30mA: &#8211; &lt;30ms (For 5xln) &amp; &lt;150ms (For 1xIn)<\/li>\n<li>DIN-rail mounting, 1M size<\/li>\n<\/ul>\n<p><a class=\"button\" href=\"https:\/\/www.selec.com\/viewdocument\/0eec27c419d0fe24e53c90338cdc8bc6\" target=\"_blank\" rel=\"noopener\"> Data Sheet<\/a>\n<\/div>\n","protected":false},"featured_media":6606,"comment_status":"closed","ping_status":"closed","template":"","meta":{"_ti_tpc_template_sync":false,"_ti_tpc_template_id":""},"product_cat":[212],"product_tag":[],"class_list":{"0":"post-6605","1":"product","2":"type-product","3":"status-publish","4":"has-post-thumbnail","6":"product_cat-analog-earth-leakage-relay","8":"first","9":"instock","10":"shipping-taxable","11":"product-type-simple"},"_links":{"self":[{"href":"https:\/\/jash.co.ke\/index.php\/wp-json\/wp\/v2\/product\/6605","targetHints":{"allow":["GET"]}}],"collection":[{"href":"https:\/\/jash.co.ke\/index.php\/wp-json\/wp\/v2\/product"}],"about":[{"href":"https:\/\/jash.co.ke\/index.php\/wp-json\/wp\/v2\/types\/product"}],"replies":[{"embeddable":true,"href":"https:\/\/jash.co.ke\/index.php\/wp-json\/wp\/v2\/comments?post=6605"}],"wp:featuredmedia":[{"embeddable":true,"href":"https:\/\/jash.co.ke\/index.php\/wp-json\/wp\/v2\/media\/6606"}],"wp:attachment":[{"href":"https:\/\/jash.co.ke\/index.php\/wp-json\/wp\/v2\/media?parent=6605"}],"wp:term":[{"taxonomy":"product_cat","embeddable":true,"href":"https:\/\/jash.co.ke\/index.php\/wp-json\/wp\/v2\/product_cat?post=6605"},{"taxonomy":"product_tag","embeddable":true,"href":"https:\/\/jash.co.ke\/index.php\/wp-json\/wp\/v2\/product_tag?post=6605"}],"curies":[{"name":"wp","href":"https:\/\/api.w.org\/{rel}","templated":true}]}}