{"id":6607,"date":"2024-06-15T18:51:43","date_gmt":"2024-06-15T18:51:43","guid":{"rendered":"https:\/\/jash.co.ke\/?post_type=product&#038;p=6607"},"modified":"2024-06-15T18:54:58","modified_gmt":"2024-06-15T18:54:58","slug":"digital-elr-panel-mount","status":"publish","type":"product","link":"https:\/\/jash.co.ke\/index.php\/product\/digital-elr-panel-mount\/","title":{"rendered":"DIGITAL ELR, PANEL MOUNT"},"content":{"rendered":"<div class=\"holder mt-0\">\n<div class=\"holder mt-2\">\n<div class=\"container\">\n<div class=\"specificationMain\">\n<div class=\"\">\n<h2 class=\"subHeading\">BRIEF SPECIFICATIONS<\/h2>\n<div class=\"table-responsive\">\n<table class=\"table table-bordered table-striped&gt;&lt;tbody&gt;&lt;tr class=\">\n<tbody>\n<tr>\n<td class=\"a-left\">Measuring Parameter<\/td>\n<td class=\"a-left\">Monitors True RMS Earth Leakage Current (upto 30A )<\/td>\n<\/tr>\n<tr class=\"even\">\n<td class=\"a-left\">Electrical Connection<\/td>\n<td class=\"a-left\">1\u00d8-2W, 3\u00d8-4W, 3\u00d8-3W<\/td>\n<\/tr>\n<tr class=\"odd\">\n<td class=\"a-left\">Supply Voltage<\/td>\n<td class=\"a-left\">90 &#8211; 270V AC\/DC<\/td>\n<\/tr>\n<tr class=\"even\">\n<td class=\"a-left\">Trip Leakage current range<\/td>\n<td class=\"a-left\">30mA &#8211; 30A<\/td>\n<\/tr>\n<tr class=\"odd\">\n<td class=\"a-left\">Display Current range<\/td>\n<td class=\"a-left\">15mA &#8211; 33A<\/td>\n<\/tr>\n<tr class=\"even\">\n<td class=\"a-left\">Time Ranges<\/td>\n<td class=\"a-left\">0 to 999 sec<\/td>\n<\/tr>\n<tr class=\"odd\">\n<td class=\"a-left\">Response time<\/td>\n<td class=\"a-left\">&lt; 30ms (if trip current 5 x set value &amp; Instantaneous trip is ON),<br \/>\n&lt; 50ms (if trip current = 1 x set value)<\/td>\n<\/tr>\n<tr class=\"even\">\n<td class=\"a-left\">CBCT DETECTION<\/td>\n<td class=\"a-left\">Yes, when CBCT absent or short<\/td>\n<\/tr>\n<tr class=\"odd\">\n<td class=\"a-left\">Accuracy<\/td>\n<td class=\"a-left\">\u00b1 5% setting of current,<br \/>\n\u00b1 5% time setting for \u00b1100ms<\/td>\n<\/tr>\n<tr class=\"even\">\n<td class=\"a-left\">Output Contact<\/td>\n<td class=\"a-left\">1 C \/ O (SPDT )<\/td>\n<\/tr>\n<tr class=\"odd\">\n<td class=\"a-left\">Output Rating<\/td>\n<td class=\"a-left\">NO \/ 5A@250V AC \/ 28V DC<\/td>\n<\/tr>\n<tr class=\"even\">\n<td class=\"a-left\">Size<\/td>\n<td class=\"a-left\">96X96mm<\/td>\n<\/tr>\n<tr class=\"odd\">\n<td class=\"a-left\">Mounting Type<\/td>\n<td class=\"a-left\">Panel mount<\/td>\n<\/tr>\n<\/tbody>\n<\/table>\n<\/div>\n<\/div>\n<\/div>\n<\/div>\n<\/div>\n<\/div>\n<div id=\"variants_list\">\n<div class=\"holder mt-2\">\n<div class=\"container downloadSection\">\n<div class=\"row\">\n<div class=\"col-md-12\">\n<h2 class=\"norm-text subHeading\">PRODUCT VARIANTS<\/h2>\n<div class=\"tabs tab-pro-details\" role=\"tabpanel\">\n<div class=\"table-responsive\">\n<div class=\"lgks-widget\">\n<table class=\"table table-bordered table-striped\">\n<tbody>\n<tr>\n<th>Product Code<\/th>\n<th>Supply Voltage<\/th>\n<th>Certification<\/th>\n<\/tr>\n<tr>\n<td class=\"0\">ELR341-1<\/td>\n<td class=\"1\">90 to 270V AC \/ DC<\/td>\n<td class=\"2\">&#8211;<\/td>\n<\/tr>\n<\/tbody>\n<\/table>\n<\/div>\n<\/div>\n<\/div>\n<\/div>\n<\/div>\n<\/div>\n<\/div>\n<\/div>\n","protected":false},"excerpt":{"rendered":"<div><\/div>\n<div class=\"prd-block_title-wrap\">\n<div class=\"product-sku\"><strong>Product:<\/strong> <span class=\"\">ELR341<\/span><\/div>\n<\/div>\n<div class=\"prd-block_info-top\"><\/div>\n<div class=\"prd-block_description topline\">\n<ul>\n<li>Detects Leakage current for 1\u00d8 &amp; 3\u00d8 systems<\/li>\n<li>Range: 30mA to 30A<\/li>\n<li>1 C \/ O (SPDT) Relay output<\/li>\n<li>Supply voltage of 90 &#8211; 270V AC\/DC<\/li>\n<li>Test and Reset Function via Front \/ Remote<\/li>\n<li>DIN-rail mounting<\/li>\n<li>CE Certified<\/li>\n<\/ul>\n<p><a class=\"button\" href=\"https:\/\/www.selec.com\/viewdocument\/6a2feef8ed6a9fe76d6b3f30f02150b4\" target=\"_blank\" rel=\"noopener\"> Data Sheet<\/a><\/p>\n<\/div>\n","protected":false},"featured_media":6608,"comment_status":"closed","ping_status":"closed","template":"","meta":{"_ti_tpc_template_sync":false,"_ti_tpc_template_id":""},"product_cat":[213],"product_tag":[],"class_list":{"0":"post-6607","1":"product","2":"type-product","3":"status-publish","4":"has-post-thumbnail","6":"product_cat-digital-earth-leakage-relay","8":"first","9":"instock","10":"shipping-taxable","11":"product-type-simple"},"_links":{"self":[{"href":"https:\/\/jash.co.ke\/index.php\/wp-json\/wp\/v2\/product\/6607","targetHints":{"allow":["GET"]}}],"collection":[{"href":"https:\/\/jash.co.ke\/index.php\/wp-json\/wp\/v2\/product"}],"about":[{"href":"https:\/\/jash.co.ke\/index.php\/wp-json\/wp\/v2\/types\/product"}],"replies":[{"embeddable":true,"href":"https:\/\/jash.co.ke\/index.php\/wp-json\/wp\/v2\/comments?post=6607"}],"wp:featuredmedia":[{"embeddable":true,"href":"https:\/\/jash.co.ke\/index.php\/wp-json\/wp\/v2\/media\/6608"}],"wp:attachment":[{"href":"https:\/\/jash.co.ke\/index.php\/wp-json\/wp\/v2\/media?parent=6607"}],"wp:term":[{"taxonomy":"product_cat","embeddable":true,"href":"https:\/\/jash.co.ke\/index.php\/wp-json\/wp\/v2\/product_cat?post=6607"},{"taxonomy":"product_tag","embeddable":true,"href":"https:\/\/jash.co.ke\/index.php\/wp-json\/wp\/v2\/product_tag?post=6607"}],"curies":[{"name":"wp","href":"https:\/\/api.w.org\/{rel}","templated":true}]}}