{"id":6624,"date":"2024-06-16T08:33:04","date_gmt":"2024-06-16T08:33:04","guid":{"rendered":"https:\/\/jash.co.ke\/?post_type=product&#038;p=6624"},"modified":"2024-06-16T08:33:04","modified_gmt":"2024-06-16T08:33:04","slug":"earth-fault-relay","status":"publish","type":"product","link":"https:\/\/jash.co.ke\/index.php\/product\/earth-fault-relay\/","title":{"rendered":"EARTH FAULT RELAY"},"content":{"rendered":"<div class=\"holder mt-0\">\n<div class=\"holder mt-2\">\n<div class=\"container\">\n<div class=\"specificationMain\">\n<div class=\"\">\n<h2 class=\"subHeading\">BRIEF SPECIFICATIONS<\/h2>\n<div class=\"table-responsive\">\n<table class=\"table table-bordered table-striped&gt;&lt;tbody&gt;&lt;tr class=\">\n<tbody>\n<tr>\n<td class=\"a-left\">Measuring Parameter<\/td>\n<td class=\"a-left\">Earth Fault Current Monitoring<\/td>\n<\/tr>\n<tr class=\"even\">\n<td class=\"a-left\">Electrical Connection<\/td>\n<td class=\"a-left\">3\u00d8-4W, 1\u00d8-2W, 3\u00d8-3W<\/td>\n<\/tr>\n<tr class=\"odd\">\n<td class=\"a-left\">Display<\/td>\n<td class=\"a-left\">3 Digits Liquid Crystal Display with Backlight<\/td>\n<\/tr>\n<tr class=\"even\">\n<td class=\"a-left\">Trip Setting<\/td>\n<td class=\"a-left\">10% to 80% of Selectable MCCB Frame Rating<\/td>\n<\/tr>\n<tr class=\"odd\">\n<td class=\"a-left\">\n<p>Time Ranges<\/td>\n<td class=\"a-left\">Response Time: 100ms,<br \/>\nTrip Time Delay: 0-99.9sec,<br \/>\nRecovery Time Delay: 0-99.9sec (In Auto Reset Mode),<br \/>\nPower ON Delay: 0.5-99.9sec<\/td>\n<\/tr>\n<tr class=\"even\">\n<td class=\"a-left\">Accuracy<\/td>\n<td class=\"a-left\">Current : \u00b15% of the settings \u00b12digit,<br \/>\nTime : \u00b15% of the settings \u00b1 100ms<\/td>\n<\/tr>\n<tr class=\"odd\">\n<td class=\"a-left\">Output Contact<\/td>\n<td class=\"a-left\">2 X 1 C\/O (SPDT)<\/td>\n<\/tr>\n<tr class=\"even\">\n<td class=\"a-left\">Output Rating<\/td>\n<td class=\"a-left\">NC: 3A@250V AC, NO: 5A@250V AC<\/td>\n<\/tr>\n<tr class=\"odd\">\n<td class=\"a-left\">Supply Voltage<\/td>\n<td class=\"a-left\">85 to 270V AC \/ DC<\/td>\n<\/tr>\n<tr class=\"even\">\n<td class=\"a-left\">Size<\/td>\n<td class=\"a-left\">35mm<\/td>\n<\/tr>\n<tr class=\"odd\">\n<td class=\"a-left\">Mounting Type<\/td>\n<td class=\"a-left\">DIN Rail Mount<\/td>\n<\/tr>\n<tr class=\"even\">\n<td class=\"a-left\">Certification<\/td>\n<td class=\"a-left\">CE<\/td>\n<\/tr>\n<\/tbody>\n<\/table>\n<\/div>\n<\/div>\n<\/div>\n<\/div>\n<\/div>\n<\/div>\n<div id=\"variants_list\">\n<div class=\"holder mt-2\">\n<div class=\"container downloadSection\">\n<div class=\"row\">\n<div class=\"col-md-12\">\n<h2 class=\"norm-text subHeading\">PRODUCT VARIANTS<\/h2>\n<div class=\"tabs tab-pro-details\" role=\"tabpanel\">\n<div class=\"table-responsive\">\n<div class=\"lgks-widget\">\n<table class=\"table table-bordered table-striped\">\n<tbody>\n<tr>\n<th>Product Code<\/th>\n<th>Supply Voltage<\/th>\n<th>Certification<\/th>\n<\/tr>\n<tr>\n<td class=\"0\">900EFR-BL-U-CE<\/td>\n<td class=\"1\">85 to 270V AC\/DC<\/td>\n<td class=\"2\">CE, RoHS<\/td>\n<\/tr>\n<\/tbody>\n<\/table>\n<\/div>\n<\/div>\n<\/div>\n<\/div>\n<\/div>\n<\/div>\n<\/div>\n<\/div>\n","protected":false},"excerpt":{"rendered":"<div class=\"prd-block_title-wrap\">\n<div class=\"product-sku\"><strong>Product:<\/strong> <span class=\"\">900EFR<\/span><\/div>\n<\/div>\n<div class=\"prd-block_info-top\"><\/div>\n<div class=\"prd-block_description topline\">\n<ul>\n<li>Short circuit protection device for 1\u00d8 &amp; 3\u00d8 system.<\/li>\n<li>Programmable frame sizes : 160A, 250A &amp; 630A<\/li>\n<li>Trip Setting : 10 &#8211; 80% of Frame size<\/li>\n<li>2 X 1 C \/ O (SPDT) Relay output.<\/li>\n<li>Trip relay and Pre-alarm relay independently programmable.<\/li>\n<li>Front \/ Remote Test and Reset Function<\/li>\n<li>Supply Voltage: 85 &#8211; 270V AC\/DC<\/li>\n<li>DIN rail Mount<\/li>\n<li>CE certified<\/li>\n<\/ul>\n<p><a class=\"button\" href=\"https:\/\/www.selec.com\/viewdocument\/b51a15f382ac914391a58850ab343b00\" target=\"_blank\" rel=\"noopener\"> Data Sheet<\/a>\n<\/div>\n","protected":false},"featured_media":6625,"comment_status":"closed","ping_status":"closed","template":"","meta":{"_ti_tpc_template_sync":false,"_ti_tpc_template_id":""},"product_cat":[216],"product_tag":[],"class_list":{"0":"post-6624","1":"product","2":"type-product","3":"status-publish","4":"has-post-thumbnail","6":"product_cat-digital-earth-fault-relay","8":"first","9":"instock","10":"shipping-taxable","11":"product-type-simple"},"_links":{"self":[{"href":"https:\/\/jash.co.ke\/index.php\/wp-json\/wp\/v2\/product\/6624","targetHints":{"allow":["GET"]}}],"collection":[{"href":"https:\/\/jash.co.ke\/index.php\/wp-json\/wp\/v2\/product"}],"about":[{"href":"https:\/\/jash.co.ke\/index.php\/wp-json\/wp\/v2\/types\/product"}],"replies":[{"embeddable":true,"href":"https:\/\/jash.co.ke\/index.php\/wp-json\/wp\/v2\/comments?post=6624"}],"wp:featuredmedia":[{"embeddable":true,"href":"https:\/\/jash.co.ke\/index.php\/wp-json\/wp\/v2\/media\/6625"}],"wp:attachment":[{"href":"https:\/\/jash.co.ke\/index.php\/wp-json\/wp\/v2\/media?parent=6624"}],"wp:term":[{"taxonomy":"product_cat","embeddable":true,"href":"https:\/\/jash.co.ke\/index.php\/wp-json\/wp\/v2\/product_cat?post=6624"},{"taxonomy":"product_tag","embeddable":true,"href":"https:\/\/jash.co.ke\/index.php\/wp-json\/wp\/v2\/product_tag?post=6624"}],"curies":[{"name":"wp","href":"https:\/\/api.w.org\/{rel}","templated":true}]}}